{"id":3161,"date":"2023-01-11T12:19:05","date_gmt":"2023-01-11T11:19:05","guid":{"rendered":"https:\/\/vigocomfort.com\/kadaverabdeckungen\/"},"modified":"2023-05-29T17:18:35","modified_gmt":"2023-05-29T15:18:35","slug":"kadaverabdeckungen","status":"publish","type":"page","link":"https:\/\/vigocomfort.com\/de\/kadaverabdeckungen\/","title":{"rendered":"Kadaverabdeckungen"},"content":{"rendered":"\t\t<div data-elementor-type=\"wp-page\" data-elementor-id=\"3161\" class=\"elementor elementor-3161 elementor-643\" data-elementor-post-type=\"page\">\n\t\t\t\t\t\t<section class=\"elementor-section elementor-top-section elementor-element elementor-element-1fadbc8 elementor-section-boxed elementor-section-height-default elementor-section-height-default\" data-id=\"1fadbc8\" data-element_type=\"section\" data-settings=\"{&quot;background_background&quot;:&quot;classic&quot;}\">\n\t\t\t\t\t\t<div class=\"elementor-container elementor-column-gap-default\">\n\t\t\t\t\t<div class=\"elementor-column elementor-col-100 elementor-top-column elementor-element elementor-element-f3870be\" data-id=\"f3870be\" data-element_type=\"column\">\n\t\t\t<div class=\"elementor-widget-wrap elementor-element-populated\">\n\t\t\t\t\t\t<div class=\"elementor-element elementor-element-7055b01 elementor-widget__width-auto elementor-widget elementor-widget-heading\" data-id=\"7055b01\" data-element_type=\"widget\" data-widget_type=\"heading.default\">\n\t\t\t\t<div class=\"elementor-widget-container\">\n\t\t\t\t\t<h1 class=\"elementor-heading-title elementor-size-default\">Kadaverabdeckungen<\/h1>\t\t\t\t<\/div>\n\t\t\t\t<\/div>\n\t\t\t\t<div class=\"elementor-element elementor-element-048298e elementor-widget__width-auto elementor-widget elementor-widget-heading\" data-id=\"048298e\" data-element_type=\"widget\" data-widget_type=\"heading.default\">\n\t\t\t\t<div class=\"elementor-widget-container\">\n\t\t\t\t\t<h2 class=\"elementor-heading-title elementor-size-default\">Kuppeln zum Abdecken von Tierk\u00f6rpern<\/h2>\t\t\t\t<\/div>\n\t\t\t\t<\/div>\n\t\t\t\t\t<\/div>\n\t\t<\/div>\n\t\t\t\t\t<\/div>\n\t\t<\/section>\n\t\t\t\t<section class=\"elementor-section elementor-top-section elementor-element elementor-element-6d9f064 elementor-section-boxed elementor-section-height-default elementor-section-height-default\" data-id=\"6d9f064\" data-element_type=\"section\" data-settings=\"{&quot;background_background&quot;:&quot;classic&quot;}\">\n\t\t\t\t\t\t<div class=\"elementor-container elementor-column-gap-no\">\n\t\t\t\t\t<div class=\"elementor-column elementor-col-100 elementor-top-column elementor-element elementor-element-4ac16d7\" data-id=\"4ac16d7\" data-element_type=\"column\">\n\t\t\t<div class=\"elementor-widget-wrap elementor-element-populated\">\n\t\t\t\t\t\t<div class=\"elementor-element elementor-element-61ba7b3 elementor-widget elementor-widget-spacer\" data-id=\"61ba7b3\" data-element_type=\"widget\" data-widget_type=\"spacer.default\">\n\t\t\t\t<div class=\"elementor-widget-container\">\n\t\t\t\t\t\t\t<div class=\"elementor-spacer\">\n\t\t\t<div class=\"elementor-spacer-inner\"><\/div>\n\t\t<\/div>\n\t\t\t\t\t\t<\/div>\n\t\t\t\t<\/div>\n\t\t\t\t\t<\/div>\n\t\t<\/div>\n\t\t\t\t\t<\/div>\n\t\t<\/section>\n\t\t\t\t<section class=\"elementor-section elementor-top-section elementor-element elementor-element-c1aa3b8 elementor-section-boxed elementor-section-height-default elementor-section-height-default\" data-id=\"c1aa3b8\" data-element_type=\"section\">\n\t\t\t\t\t\t<div class=\"elementor-container elementor-column-gap-default\">\n\t\t\t\t\t<div class=\"elementor-column elementor-col-100 elementor-top-column elementor-element elementor-element-c222db8\" data-id=\"c222db8\" data-element_type=\"column\">\n\t\t\t<div class=\"elementor-widget-wrap elementor-element-populated\">\n\t\t\t\t\t\t\t<\/div>\n\t\t<\/div>\n\t\t\t\t\t<\/div>\n\t\t<\/section>\n\t\t\t\t<section class=\"elementor-section elementor-top-section elementor-element elementor-element-3cc367d elementor-reverse-tablet elementor-reverse-mobile elementor-section-boxed elementor-section-height-default elementor-section-height-default\" data-id=\"3cc367d\" data-element_type=\"section\" data-settings=\"{&quot;background_background&quot;:&quot;classic&quot;}\">\n\t\t\t\t\t\t<div class=\"elementor-container elementor-column-gap-default\">\n\t\t\t\t\t<div class=\"elementor-column elementor-col-50 elementor-top-column elementor-element elementor-element-107f793\" data-id=\"107f793\" data-element_type=\"column\">\n\t\t\t<div class=\"elementor-widget-wrap elementor-element-populated\">\n\t\t\t\t\t\t<div class=\"elementor-element elementor-element-2f50121 elementor-widget elementor-widget-heading\" data-id=\"2f50121\" data-element_type=\"widget\" data-widget_type=\"heading.default\">\n\t\t\t\t<div class=\"elementor-widget-container\">\n\t\t\t\t\t<h3 class=\"elementor-heading-title elementor-size-default\">VIG-o-comfort Kadaverkuppeln <\/h3>\t\t\t\t<\/div>\n\t\t\t\t<\/div>\n\t\t\t\t<div class=\"elementor-element elementor-element-3e543ba elementor-widget elementor-widget-text-editor\" data-id=\"3e543ba\" data-element_type=\"widget\" data-widget_type=\"text-editor.default\">\n\t\t\t\t<div class=\"elementor-widget-container\">\n\t\t\t\t\t\t\t\t\t<p>Hergestellt aus hochdichtem Polyethylen: schlag- und sto\u00dffest<\/p>\n<p>Eingelassene Handgriffe<\/p>\n<p>UV-best\u00e4ndig<\/p>\n<p>Benutzerfreundlich: Die Kuppel kann mit dem verzinkten Hebegriff aufgenommen werden.<\/p>\n<p>Von Rendac gebilligt.<\/p>\n<p>Gr\u00fcne Farbe<\/p>\n<p>Version : Leichenkuppel Large<\/p>\n<p> Kadaverkuppel XLarge <\/p><\/p>\n\t\t\t\t\t\t\t\t<\/div>\n\t\t\t\t<\/div>\n\t\t\t\t\t<\/div>\n\t\t<\/div>\n\t\t\t\t<div class=\"elementor-column elementor-col-50 elementor-top-column elementor-element elementor-element-8b9f648\" data-id=\"8b9f648\" data-element_type=\"column\" data-settings=\"{&quot;background_background&quot;:&quot;classic&quot;}\">\n\t\t\t<div class=\"elementor-widget-wrap elementor-element-populated\">\n\t\t\t\t\t\t<section class=\"elementor-section elementor-inner-section elementor-element elementor-element-588f7fe elementor-section-full_width elementor-section-content-middle elementor-section-height-default elementor-section-height-default\" data-id=\"588f7fe\" data-element_type=\"section\" data-settings=\"{&quot;background_background&quot;:&quot;classic&quot;}\">\n\t\t\t\t\t\t<div class=\"elementor-container elementor-column-gap-default\">\n\t\t\t\t\t<div class=\"elementor-column elementor-col-100 elementor-inner-column elementor-element elementor-element-da2d351\" data-id=\"da2d351\" data-element_type=\"column\" data-settings=\"{&quot;background_background&quot;:&quot;classic&quot;}\">\n\t\t\t<div class=\"elementor-widget-wrap elementor-element-populated\">\n\t\t\t\t\t\t<div class=\"elementor-element elementor-element-56a3217 elementor-widget elementor-widget-image\" data-id=\"56a3217\" data-element_type=\"widget\" data-widget_type=\"image.default\">\n\t\t\t\t<div class=\"elementor-widget-container\">\n\t\t\t\t\t\t\t\t\t\t\t\t\t\t\t<img fetchpriority=\"high\" decoding=\"async\" width=\"1024\" height=\"768\" src=\"https:\/\/vigocomfort.com\/wp-content\/uploads\/2023\/01\/CARCASS-COVER-XL-1024x768.jpg\" class=\"attachment-large size-large wp-image-747\" alt=\"\" srcset=\"https:\/\/vigocomfort.com\/wp-content\/uploads\/2023\/01\/CARCASS-COVER-XL-1024x768.jpg 1024w, https:\/\/vigocomfort.com\/wp-content\/uploads\/2023\/01\/CARCASS-COVER-XL-600x450.jpg 600w, https:\/\/vigocomfort.com\/wp-content\/uploads\/2023\/01\/CARCASS-COVER-XL-300x225.jpg 300w, https:\/\/vigocomfort.com\/wp-content\/uploads\/2023\/01\/CARCASS-COVER-XL-768x576.jpg 768w, https:\/\/vigocomfort.com\/wp-content\/uploads\/2023\/01\/CARCASS-COVER-XL.jpg 1280w\" sizes=\"(max-width: 1024px) 100vw, 1024px\" \/>\t\t\t\t\t\t\t\t\t\t\t\t\t\t\t<\/div>\n\t\t\t\t<\/div>\n\t\t\t\t\t<\/div>\n\t\t<\/div>\n\t\t\t\t\t<\/div>\n\t\t<\/section>\n\t\t\t\t\t<\/div>\n\t\t<\/div>\n\t\t\t\t\t<\/div>\n\t\t<\/section>\n\t\t\t\t<\/div>\n\t\t","protected":false},"excerpt":{"rendered":"<p>Kadaverabdeckungen Kuppeln zum Abdecken von Tierk\u00f6rpern VIG-o-comfort Kadaverkuppeln Hergestellt aus hochdichtem Polyethylen: schlag- und sto\u00dffest Eingelassene Handgriffe UV-best\u00e4ndig Benutzerfreundlich: Die Kuppel kann mit dem verzinkten Hebegriff aufgenommen werden. Von Rendac gebilligt. Gr\u00fcne Farbe Version : Leichenkuppel Large Kadaverkuppel XLarge<\/p>\n","protected":false},"author":1,"featured_media":0,"parent":0,"menu_order":0,"comment_status":"closed","ping_status":"closed","template":"","meta":{"footnotes":""},"class_list":["post-3161","page","type-page","status-publish","hentry"],"yoast_head":"<!-- This site is optimized with the Yoast SEO plugin v25.5 - https:\/\/yoast.com\/wordpress\/plugins\/seo\/ -->\n<title>Kadaverabdeckungen - Vigocomfort<\/title>\n<meta name=\"robots\" content=\"index, follow, max-snippet:-1, max-image-preview:large, max-video-preview:-1\" \/>\n<link rel=\"canonical\" href=\"https:\/\/vigocomfort.com\/de\/kadaverabdeckungen\/\" \/>\n<meta property=\"og:locale\" content=\"de_DE\" \/>\n<meta property=\"og:type\" content=\"article\" \/>\n<meta property=\"og:title\" content=\"Kadaverabdeckungen - Vigocomfort\" \/>\n<meta property=\"og:description\" content=\"Kadaverabdeckungen Kuppeln zum Abdecken von Tierk\u00f6rpern VIG-o-comfort Kadaverkuppeln Hergestellt aus hochdichtem Polyethylen: schlag- und sto\u00dffest Eingelassene Handgriffe UV-best\u00e4ndig Benutzerfreundlich: Die Kuppel kann mit dem verzinkten Hebegriff aufgenommen werden. Von Rendac gebilligt. Gr\u00fcne Farbe Version : Leichenkuppel Large Kadaverkuppel XLarge\" \/>\n<meta property=\"og:url\" content=\"https:\/\/vigocomfort.com\/de\/kadaverabdeckungen\/\" \/>\n<meta property=\"og:site_name\" content=\"Vigocomfort\" \/>\n<meta property=\"article:modified_time\" content=\"2023-05-29T15:18:35+00:00\" \/>\n<meta property=\"og:image\" content=\"https:\/\/vigocomfort.com\/wp-content\/uploads\/2023\/01\/CARCASS-COVER-XL-1024x768.jpg\" \/>\n<meta name=\"twitter:card\" content=\"summary_large_image\" \/>\n<script type=\"application\/ld+json\" class=\"yoast-schema-graph\">{\"@context\":\"https:\/\/schema.org\",\"@graph\":[{\"@type\":\"WebPage\",\"@id\":\"https:\/\/vigocomfort.com\/de\/kadaverabdeckungen\/\",\"url\":\"https:\/\/vigocomfort.com\/de\/kadaverabdeckungen\/\",\"name\":\"Kadaverabdeckungen - Vigocomfort\",\"isPartOf\":{\"@id\":\"https:\/\/vigocomfort.com\/de\/#website\"},\"primaryImageOfPage\":{\"@id\":\"https:\/\/vigocomfort.com\/de\/kadaverabdeckungen\/#primaryimage\"},\"image\":{\"@id\":\"https:\/\/vigocomfort.com\/de\/kadaverabdeckungen\/#primaryimage\"},\"thumbnailUrl\":\"https:\/\/vigocomfort.com\/wp-content\/uploads\/2023\/01\/CARCASS-COVER-XL-1024x768.jpg\",\"datePublished\":\"2023-01-11T11:19:05+00:00\",\"dateModified\":\"2023-05-29T15:18:35+00:00\",\"breadcrumb\":{\"@id\":\"https:\/\/vigocomfort.com\/de\/kadaverabdeckungen\/#breadcrumb\"},\"inLanguage\":\"de\",\"potentialAction\":[{\"@type\":\"ReadAction\",\"target\":[\"https:\/\/vigocomfort.com\/de\/kadaverabdeckungen\/\"]}]},{\"@type\":\"ImageObject\",\"inLanguage\":\"de\",\"@id\":\"https:\/\/vigocomfort.com\/de\/kadaverabdeckungen\/#primaryimage\",\"url\":\"https:\/\/vigocomfort.com\/wp-content\/uploads\/2023\/01\/CARCASS-COVER-XL-1024x768.jpg\",\"contentUrl\":\"https:\/\/vigocomfort.com\/wp-content\/uploads\/2023\/01\/CARCASS-COVER-XL-1024x768.jpg\"},{\"@type\":\"BreadcrumbList\",\"@id\":\"https:\/\/vigocomfort.com\/de\/kadaverabdeckungen\/#breadcrumb\",\"itemListElement\":[{\"@type\":\"ListItem\",\"position\":1,\"name\":\"Home\",\"item\":\"https:\/\/vigocomfort.com\/de\/startseite\/\"},{\"@type\":\"ListItem\",\"position\":2,\"name\":\"Kadaverabdeckungen\"}]},{\"@type\":\"WebSite\",\"@id\":\"https:\/\/vigocomfort.com\/de\/#website\",\"url\":\"https:\/\/vigocomfort.com\/de\/\",\"name\":\"Vigocomfort.com\",\"description\":\"Al meer dan 30 jaar de specialist in kalverhutten\",\"publisher\":{\"@id\":\"https:\/\/vigocomfort.com\/de\/#organization\"},\"potentialAction\":[{\"@type\":\"SearchAction\",\"target\":{\"@type\":\"EntryPoint\",\"urlTemplate\":\"https:\/\/vigocomfort.com\/de\/?s={search_term_string}\"},\"query-input\":{\"@type\":\"PropertyValueSpecification\",\"valueRequired\":true,\"valueName\":\"search_term_string\"}}],\"inLanguage\":\"de\"},{\"@type\":\"Organization\",\"@id\":\"https:\/\/vigocomfort.com\/de\/#organization\",\"name\":\"Vigocomfort.com\",\"url\":\"https:\/\/vigocomfort.com\/de\/\",\"logo\":{\"@type\":\"ImageObject\",\"inLanguage\":\"de\",\"@id\":\"https:\/\/vigocomfort.com\/de\/#\/schema\/logo\/image\/\",\"url\":\"https:\/\/vigocomfort.com\/wp-content\/uploads\/2022\/12\/VIGOCOMFORT-LOGO_2_PNG@2x.png\",\"contentUrl\":\"https:\/\/vigocomfort.com\/wp-content\/uploads\/2022\/12\/VIGOCOMFORT-LOGO_2_PNG@2x.png\",\"width\":430,\"height\":103,\"caption\":\"Vigocomfort.com\"},\"image\":{\"@id\":\"https:\/\/vigocomfort.com\/de\/#\/schema\/logo\/image\/\"}}]}<\/script>\n<!-- \/ Yoast SEO plugin. -->","yoast_head_json":{"title":"Kadaverabdeckungen - Vigocomfort","robots":{"index":"index","follow":"follow","max-snippet":"max-snippet:-1","max-image-preview":"max-image-preview:large","max-video-preview":"max-video-preview:-1"},"canonical":"https:\/\/vigocomfort.com\/de\/kadaverabdeckungen\/","og_locale":"de_DE","og_type":"article","og_title":"Kadaverabdeckungen - Vigocomfort","og_description":"Kadaverabdeckungen Kuppeln zum Abdecken von Tierk\u00f6rpern VIG-o-comfort Kadaverkuppeln Hergestellt aus hochdichtem Polyethylen: schlag- und sto\u00dffest Eingelassene Handgriffe UV-best\u00e4ndig Benutzerfreundlich: Die Kuppel kann mit dem verzinkten Hebegriff aufgenommen werden. Von Rendac gebilligt. Gr\u00fcne Farbe Version : Leichenkuppel Large Kadaverkuppel XLarge","og_url":"https:\/\/vigocomfort.com\/de\/kadaverabdeckungen\/","og_site_name":"Vigocomfort","article_modified_time":"2023-05-29T15:18:35+00:00","og_image":[{"url":"https:\/\/vigocomfort.com\/wp-content\/uploads\/2023\/01\/CARCASS-COVER-XL-1024x768.jpg","type":"","width":"","height":""}],"twitter_card":"summary_large_image","schema":{"@context":"https:\/\/schema.org","@graph":[{"@type":"WebPage","@id":"https:\/\/vigocomfort.com\/de\/kadaverabdeckungen\/","url":"https:\/\/vigocomfort.com\/de\/kadaverabdeckungen\/","name":"Kadaverabdeckungen - Vigocomfort","isPartOf":{"@id":"https:\/\/vigocomfort.com\/de\/#website"},"primaryImageOfPage":{"@id":"https:\/\/vigocomfort.com\/de\/kadaverabdeckungen\/#primaryimage"},"image":{"@id":"https:\/\/vigocomfort.com\/de\/kadaverabdeckungen\/#primaryimage"},"thumbnailUrl":"https:\/\/vigocomfort.com\/wp-content\/uploads\/2023\/01\/CARCASS-COVER-XL-1024x768.jpg","datePublished":"2023-01-11T11:19:05+00:00","dateModified":"2023-05-29T15:18:35+00:00","breadcrumb":{"@id":"https:\/\/vigocomfort.com\/de\/kadaverabdeckungen\/#breadcrumb"},"inLanguage":"de","potentialAction":[{"@type":"ReadAction","target":["https:\/\/vigocomfort.com\/de\/kadaverabdeckungen\/"]}]},{"@type":"ImageObject","inLanguage":"de","@id":"https:\/\/vigocomfort.com\/de\/kadaverabdeckungen\/#primaryimage","url":"https:\/\/vigocomfort.com\/wp-content\/uploads\/2023\/01\/CARCASS-COVER-XL-1024x768.jpg","contentUrl":"https:\/\/vigocomfort.com\/wp-content\/uploads\/2023\/01\/CARCASS-COVER-XL-1024x768.jpg"},{"@type":"BreadcrumbList","@id":"https:\/\/vigocomfort.com\/de\/kadaverabdeckungen\/#breadcrumb","itemListElement":[{"@type":"ListItem","position":1,"name":"Home","item":"https:\/\/vigocomfort.com\/de\/startseite\/"},{"@type":"ListItem","position":2,"name":"Kadaverabdeckungen"}]},{"@type":"WebSite","@id":"https:\/\/vigocomfort.com\/de\/#website","url":"https:\/\/vigocomfort.com\/de\/","name":"Vigocomfort.com","description":"Al meer dan 30 jaar de specialist in kalverhutten","publisher":{"@id":"https:\/\/vigocomfort.com\/de\/#organization"},"potentialAction":[{"@type":"SearchAction","target":{"@type":"EntryPoint","urlTemplate":"https:\/\/vigocomfort.com\/de\/?s={search_term_string}"},"query-input":{"@type":"PropertyValueSpecification","valueRequired":true,"valueName":"search_term_string"}}],"inLanguage":"de"},{"@type":"Organization","@id":"https:\/\/vigocomfort.com\/de\/#organization","name":"Vigocomfort.com","url":"https:\/\/vigocomfort.com\/de\/","logo":{"@type":"ImageObject","inLanguage":"de","@id":"https:\/\/vigocomfort.com\/de\/#\/schema\/logo\/image\/","url":"https:\/\/vigocomfort.com\/wp-content\/uploads\/2022\/12\/VIGOCOMFORT-LOGO_2_PNG@2x.png","contentUrl":"https:\/\/vigocomfort.com\/wp-content\/uploads\/2022\/12\/VIGOCOMFORT-LOGO_2_PNG@2x.png","width":430,"height":103,"caption":"Vigocomfort.com"},"image":{"@id":"https:\/\/vigocomfort.com\/de\/#\/schema\/logo\/image\/"}}]}},"_links":{"self":[{"href":"https:\/\/vigocomfort.com\/de\/wp-json\/wp\/v2\/pages\/3161","targetHints":{"allow":["GET"]}}],"collection":[{"href":"https:\/\/vigocomfort.com\/de\/wp-json\/wp\/v2\/pages"}],"about":[{"href":"https:\/\/vigocomfort.com\/de\/wp-json\/wp\/v2\/types\/page"}],"author":[{"embeddable":true,"href":"https:\/\/vigocomfort.com\/de\/wp-json\/wp\/v2\/users\/1"}],"replies":[{"embeddable":true,"href":"https:\/\/vigocomfort.com\/de\/wp-json\/wp\/v2\/comments?post=3161"}],"version-history":[{"count":0,"href":"https:\/\/vigocomfort.com\/de\/wp-json\/wp\/v2\/pages\/3161\/revisions"}],"wp:attachment":[{"href":"https:\/\/vigocomfort.com\/de\/wp-json\/wp\/v2\/media?parent=3161"}],"curies":[{"name":"wp","href":"https:\/\/api.w.org\/{rel}","templated":true}]}}