{"id":3171,"date":"2023-02-01T16:36:32","date_gmt":"2023-02-01T15:36:32","guid":{"rendered":"https:\/\/vigocomfort.com\/product\/vig-o-comfort-maxi-plus-ohne-streufenster\/"},"modified":"2023-12-25T16:49:17","modified_gmt":"2023-12-25T15:49:17","slug":"vig-o-comfort-maxi-plus-ohne-streufenster","status":"publish","type":"product","link":"https:\/\/vigocomfort.com\/de\/produkt\/vig-o-comfort-maxi-plus-ohne-streufenster\/","title":{"rendered":"Vig-O-Comfort MAXI PLUS OHNE STREUFENSTER"},"content":{"rendered":"<ul>\n<li>Material aus hochdichtem Polyethylen &#8211; wei\u00df undurchsichtig &#8211; UV-best\u00e4ndig<\/li>\n<li>Effektive Liegefl\u00e4che Kabine: 5 m\u00b2<\/li>\n<li>Volumen der Kabine: 7 m\u00b3<\/li>\n<li>Abmessungen : 240x225x189 cm lxbxh<\/li>\n<li>Gewicht : 125 kg<\/li>\n<li>Verschlie\u00dfbare Hinterl\u00fcftung<\/li>\n<li>Dachl\u00fcftung<\/li>\n<li>M\u00f6glichkeit des Anhebens der Kabine mit einer verzinkten Metallhebevorrichtung<\/li>\n<\/ul>\n<p>* Die Abmessungen sind Au\u00dfenma\u00dfe\/Transportma\u00dfe und k\u00f6nnen je nach Loft variieren.<\/p>\n","protected":false},"excerpt":{"rendered":"<p>Material aus hochdichtem Polyethylen &#8211; wei\u00df undurchsichtig &#8211; UV-best\u00e4ndig Effektive Liegefl\u00e4che Kabine: 5 m\u00b2 Volumen der Kabine: 7 m\u00b3 Abmessungen : 240x225x189 cm lxbxh Gewicht : 125 kg Verschlie\u00dfbare Hinterl\u00fcftung Dachl\u00fcftung M\u00f6glichkeit des Anhebens der Kabine mit einer verzinkten Metallhebevorrichtung * Die Abmessungen sind Au\u00dfenma\u00dfe\/Transportma\u00dfe und k\u00f6nnen je nach Loft variieren.<\/p>\n","protected":false},"featured_media":1667,"comment_status":"open","ping_status":"closed","template":"","meta":[],"product_brand":[],"product_cat":[84],"product_tag":[],"class_list":{"0":"post-3171","1":"product","2":"type-product","3":"status-publish","4":"has-post-thumbnail","6":"product_cat-gruppenhutten","8":"first","9":"instock","10":"taxable","11":"shipping-taxable","12":"purchasable","13":"product-type-simple"},"yoast_head":"<!-- This site is optimized with the Yoast SEO plugin v25.5 - https:\/\/yoast.com\/wordpress\/plugins\/seo\/ -->\n<title>Vig-O-Comfort MAXI PLUS OHNE STREUFENSTER - Vigocomfort<\/title>\n<meta name=\"robots\" content=\"index, follow, max-snippet:-1, max-image-preview:large, max-video-preview:-1\" \/>\n<link rel=\"canonical\" href=\"https:\/\/vigocomfort.com\/de\/produkt\/vig-o-comfort-maxi-plus-ohne-streufenster\/\" \/>\n<meta property=\"og:locale\" content=\"de_DE\" \/>\n<meta property=\"og:type\" content=\"article\" \/>\n<meta property=\"og:title\" content=\"Vig-O-Comfort MAXI PLUS OHNE STREUFENSTER - Vigocomfort\" \/>\n<meta property=\"og:description\" content=\"Material aus hochdichtem Polyethylen &#8211; wei\u00df undurchsichtig &#8211; UV-best\u00e4ndig Effektive Liegefl\u00e4che Kabine: 5 m\u00b2 Volumen der Kabine: 7 m\u00b3 Abmessungen : 240x225x189 cm lxbxh Gewicht : 125 kg Verschlie\u00dfbare Hinterl\u00fcftung Dachl\u00fcftung M\u00f6glichkeit des Anhebens der Kabine mit einer verzinkten Metallhebevorrichtung * Die Abmessungen sind Au\u00dfenma\u00dfe\/Transportma\u00dfe und k\u00f6nnen je nach Loft variieren.\" \/>\n<meta property=\"og:url\" content=\"https:\/\/vigocomfort.com\/de\/produkt\/vig-o-comfort-maxi-plus-ohne-streufenster\/\" \/>\n<meta property=\"og:site_name\" content=\"Vigocomfort\" \/>\n<meta property=\"article:modified_time\" content=\"2023-12-25T15:49:17+00:00\" \/>\n<meta property=\"og:image\" content=\"https:\/\/vigocomfort.com\/wp-content\/uploads\/2023\/01\/DSC_1125-scaled.jpg\" \/>\n\t<meta property=\"og:image:width\" content=\"2560\" \/>\n\t<meta property=\"og:image:height\" content=\"1707\" \/>\n\t<meta property=\"og:image:type\" content=\"image\/jpeg\" \/>\n<meta name=\"twitter:card\" content=\"summary_large_image\" \/>\n<script type=\"application\/ld+json\" class=\"yoast-schema-graph\">{\"@context\":\"https:\/\/schema.org\",\"@graph\":[{\"@type\":\"WebPage\",\"@id\":\"https:\/\/vigocomfort.com\/de\/produkt\/vig-o-comfort-maxi-plus-ohne-streufenster\/\",\"url\":\"https:\/\/vigocomfort.com\/de\/produkt\/vig-o-comfort-maxi-plus-ohne-streufenster\/\",\"name\":\"Vig-O-Comfort MAXI PLUS OHNE STREUFENSTER - Vigocomfort\",\"isPartOf\":{\"@id\":\"https:\/\/vigocomfort.com\/de\/#website\"},\"primaryImageOfPage\":{\"@id\":\"https:\/\/vigocomfort.com\/de\/produkt\/vig-o-comfort-maxi-plus-ohne-streufenster\/#primaryimage\"},\"image\":{\"@id\":\"https:\/\/vigocomfort.com\/de\/produkt\/vig-o-comfort-maxi-plus-ohne-streufenster\/#primaryimage\"},\"thumbnailUrl\":\"https:\/\/vigocomfort.com\/wp-content\/uploads\/2023\/01\/DSC_1125-scaled.jpg\",\"datePublished\":\"2023-02-01T15:36:32+00:00\",\"dateModified\":\"2023-12-25T15:49:17+00:00\",\"breadcrumb\":{\"@id\":\"https:\/\/vigocomfort.com\/de\/produkt\/vig-o-comfort-maxi-plus-ohne-streufenster\/#breadcrumb\"},\"inLanguage\":\"de\",\"potentialAction\":[{\"@type\":\"ReadAction\",\"target\":[\"https:\/\/vigocomfort.com\/de\/produkt\/vig-o-comfort-maxi-plus-ohne-streufenster\/\"]}]},{\"@type\":\"ImageObject\",\"inLanguage\":\"de\",\"@id\":\"https:\/\/vigocomfort.com\/de\/produkt\/vig-o-comfort-maxi-plus-ohne-streufenster\/#primaryimage\",\"url\":\"https:\/\/vigocomfort.com\/wp-content\/uploads\/2023\/01\/DSC_1125-scaled.jpg\",\"contentUrl\":\"https:\/\/vigocomfort.com\/wp-content\/uploads\/2023\/01\/DSC_1125-scaled.jpg\",\"width\":2560,\"height\":1707},{\"@type\":\"BreadcrumbList\",\"@id\":\"https:\/\/vigocomfort.com\/de\/produkt\/vig-o-comfort-maxi-plus-ohne-streufenster\/#breadcrumb\",\"itemListElement\":[{\"@type\":\"ListItem\",\"position\":1,\"name\":\"Home\",\"item\":\"https:\/\/vigocomfort.com\/de\/startseite\/\"},{\"@type\":\"ListItem\",\"position\":2,\"name\":\"Shop\",\"item\":\"https:\/\/vigocomfort.com\/de\/shop-2\/\"},{\"@type\":\"ListItem\",\"position\":3,\"name\":\"Vig-O-Comfort MAXI PLUS OHNE STREUFENSTER\"}]},{\"@type\":\"WebSite\",\"@id\":\"https:\/\/vigocomfort.com\/de\/#website\",\"url\":\"https:\/\/vigocomfort.com\/de\/\",\"name\":\"Vigocomfort.com\",\"description\":\"Al meer dan 30 jaar de specialist in kalverhutten\",\"publisher\":{\"@id\":\"https:\/\/vigocomfort.com\/de\/#organization\"},\"potentialAction\":[{\"@type\":\"SearchAction\",\"target\":{\"@type\":\"EntryPoint\",\"urlTemplate\":\"https:\/\/vigocomfort.com\/de\/?s={search_term_string}\"},\"query-input\":{\"@type\":\"PropertyValueSpecification\",\"valueRequired\":true,\"valueName\":\"search_term_string\"}}],\"inLanguage\":\"de\"},{\"@type\":\"Organization\",\"@id\":\"https:\/\/vigocomfort.com\/de\/#organization\",\"name\":\"Vigocomfort.com\",\"url\":\"https:\/\/vigocomfort.com\/de\/\",\"logo\":{\"@type\":\"ImageObject\",\"inLanguage\":\"de\",\"@id\":\"https:\/\/vigocomfort.com\/de\/#\/schema\/logo\/image\/\",\"url\":\"https:\/\/vigocomfort.com\/wp-content\/uploads\/2022\/12\/VIGOCOMFORT-LOGO_2_PNG@2x.png\",\"contentUrl\":\"https:\/\/vigocomfort.com\/wp-content\/uploads\/2022\/12\/VIGOCOMFORT-LOGO_2_PNG@2x.png\",\"width\":430,\"height\":103,\"caption\":\"Vigocomfort.com\"},\"image\":{\"@id\":\"https:\/\/vigocomfort.com\/de\/#\/schema\/logo\/image\/\"}}]}<\/script>\n<!-- \/ Yoast SEO plugin. -->","yoast_head_json":{"title":"Vig-O-Comfort MAXI PLUS OHNE STREUFENSTER - Vigocomfort","robots":{"index":"index","follow":"follow","max-snippet":"max-snippet:-1","max-image-preview":"max-image-preview:large","max-video-preview":"max-video-preview:-1"},"canonical":"https:\/\/vigocomfort.com\/de\/produkt\/vig-o-comfort-maxi-plus-ohne-streufenster\/","og_locale":"de_DE","og_type":"article","og_title":"Vig-O-Comfort MAXI PLUS OHNE STREUFENSTER - Vigocomfort","og_description":"Material aus hochdichtem Polyethylen &#8211; wei\u00df undurchsichtig &#8211; UV-best\u00e4ndig Effektive Liegefl\u00e4che Kabine: 5 m\u00b2 Volumen der Kabine: 7 m\u00b3 Abmessungen : 240x225x189 cm lxbxh Gewicht : 125 kg Verschlie\u00dfbare Hinterl\u00fcftung Dachl\u00fcftung M\u00f6glichkeit des Anhebens der Kabine mit einer verzinkten Metallhebevorrichtung * Die Abmessungen sind Au\u00dfenma\u00dfe\/Transportma\u00dfe und k\u00f6nnen je nach Loft variieren.","og_url":"https:\/\/vigocomfort.com\/de\/produkt\/vig-o-comfort-maxi-plus-ohne-streufenster\/","og_site_name":"Vigocomfort","article_modified_time":"2023-12-25T15:49:17+00:00","og_image":[{"width":2560,"height":1707,"url":"https:\/\/vigocomfort.com\/wp-content\/uploads\/2023\/01\/DSC_1125-scaled.jpg","type":"image\/jpeg"}],"twitter_card":"summary_large_image","schema":{"@context":"https:\/\/schema.org","@graph":[{"@type":"WebPage","@id":"https:\/\/vigocomfort.com\/de\/produkt\/vig-o-comfort-maxi-plus-ohne-streufenster\/","url":"https:\/\/vigocomfort.com\/de\/produkt\/vig-o-comfort-maxi-plus-ohne-streufenster\/","name":"Vig-O-Comfort MAXI PLUS OHNE STREUFENSTER - Vigocomfort","isPartOf":{"@id":"https:\/\/vigocomfort.com\/de\/#website"},"primaryImageOfPage":{"@id":"https:\/\/vigocomfort.com\/de\/produkt\/vig-o-comfort-maxi-plus-ohne-streufenster\/#primaryimage"},"image":{"@id":"https:\/\/vigocomfort.com\/de\/produkt\/vig-o-comfort-maxi-plus-ohne-streufenster\/#primaryimage"},"thumbnailUrl":"https:\/\/vigocomfort.com\/wp-content\/uploads\/2023\/01\/DSC_1125-scaled.jpg","datePublished":"2023-02-01T15:36:32+00:00","dateModified":"2023-12-25T15:49:17+00:00","breadcrumb":{"@id":"https:\/\/vigocomfort.com\/de\/produkt\/vig-o-comfort-maxi-plus-ohne-streufenster\/#breadcrumb"},"inLanguage":"de","potentialAction":[{"@type":"ReadAction","target":["https:\/\/vigocomfort.com\/de\/produkt\/vig-o-comfort-maxi-plus-ohne-streufenster\/"]}]},{"@type":"ImageObject","inLanguage":"de","@id":"https:\/\/vigocomfort.com\/de\/produkt\/vig-o-comfort-maxi-plus-ohne-streufenster\/#primaryimage","url":"https:\/\/vigocomfort.com\/wp-content\/uploads\/2023\/01\/DSC_1125-scaled.jpg","contentUrl":"https:\/\/vigocomfort.com\/wp-content\/uploads\/2023\/01\/DSC_1125-scaled.jpg","width":2560,"height":1707},{"@type":"BreadcrumbList","@id":"https:\/\/vigocomfort.com\/de\/produkt\/vig-o-comfort-maxi-plus-ohne-streufenster\/#breadcrumb","itemListElement":[{"@type":"ListItem","position":1,"name":"Home","item":"https:\/\/vigocomfort.com\/de\/startseite\/"},{"@type":"ListItem","position":2,"name":"Shop","item":"https:\/\/vigocomfort.com\/de\/shop-2\/"},{"@type":"ListItem","position":3,"name":"Vig-O-Comfort MAXI PLUS OHNE STREUFENSTER"}]},{"@type":"WebSite","@id":"https:\/\/vigocomfort.com\/de\/#website","url":"https:\/\/vigocomfort.com\/de\/","name":"Vigocomfort.com","description":"Al meer dan 30 jaar de specialist in kalverhutten","publisher":{"@id":"https:\/\/vigocomfort.com\/de\/#organization"},"potentialAction":[{"@type":"SearchAction","target":{"@type":"EntryPoint","urlTemplate":"https:\/\/vigocomfort.com\/de\/?s={search_term_string}"},"query-input":{"@type":"PropertyValueSpecification","valueRequired":true,"valueName":"search_term_string"}}],"inLanguage":"de"},{"@type":"Organization","@id":"https:\/\/vigocomfort.com\/de\/#organization","name":"Vigocomfort.com","url":"https:\/\/vigocomfort.com\/de\/","logo":{"@type":"ImageObject","inLanguage":"de","@id":"https:\/\/vigocomfort.com\/de\/#\/schema\/logo\/image\/","url":"https:\/\/vigocomfort.com\/wp-content\/uploads\/2022\/12\/VIGOCOMFORT-LOGO_2_PNG@2x.png","contentUrl":"https:\/\/vigocomfort.com\/wp-content\/uploads\/2022\/12\/VIGOCOMFORT-LOGO_2_PNG@2x.png","width":430,"height":103,"caption":"Vigocomfort.com"},"image":{"@id":"https:\/\/vigocomfort.com\/de\/#\/schema\/logo\/image\/"}}]}},"_links":{"self":[{"href":"https:\/\/vigocomfort.com\/de\/wp-json\/wp\/v2\/product\/3171","targetHints":{"allow":["GET"]}}],"collection":[{"href":"https:\/\/vigocomfort.com\/de\/wp-json\/wp\/v2\/product"}],"about":[{"href":"https:\/\/vigocomfort.com\/de\/wp-json\/wp\/v2\/types\/product"}],"replies":[{"embeddable":true,"href":"https:\/\/vigocomfort.com\/de\/wp-json\/wp\/v2\/comments?post=3171"}],"wp:featuredmedia":[{"embeddable":true,"href":"https:\/\/vigocomfort.com\/de\/wp-json\/wp\/v2\/media\/1667"}],"wp:attachment":[{"href":"https:\/\/vigocomfort.com\/de\/wp-json\/wp\/v2\/media?parent=3171"}],"wp:term":[{"taxonomy":"product_brand","embeddable":true,"href":"https:\/\/vigocomfort.com\/de\/wp-json\/wp\/v2\/product_brand?post=3171"},{"taxonomy":"product_cat","embeddable":true,"href":"https:\/\/vigocomfort.com\/de\/wp-json\/wp\/v2\/product_cat?post=3171"},{"taxonomy":"product_tag","embeddable":true,"href":"https:\/\/vigocomfort.com\/de\/wp-json\/wp\/v2\/product_tag?post=3171"}],"curies":[{"name":"wp","href":"https:\/\/api.w.org\/{rel}","templated":true}]}}