{"id":3183,"date":"2023-01-28T14:19:41","date_gmt":"2023-01-28T13:19:41","guid":{"rendered":"https:\/\/vigocomfort.com\/product\/vig-o-comfort-super-10-plus-2-streufenster-verzinkte-hebestange\/"},"modified":"2023-12-25T17:05:32","modified_gmt":"2023-12-25T16:05:32","slug":"vig-o-comfort-super-10-plus-2-streufenster-verzinkte-hebestange","status":"publish","type":"product","link":"https:\/\/vigocomfort.com\/de\/produkt\/vig-o-comfort-super-10-plus-2-streufenster-verzinkte-hebestange\/","title":{"rendered":"Vig-O-Comfort SUPER 10 PLUS + 2 Streufenster + Verzinkte Hebestange"},"content":{"rendered":"<p>&nbsp;<\/p>\n<ul>\n<li><strong>Die gr\u00f6\u00dfte K\u00e4lberh\u00fctte der Welt aus hochdichtem Polyethylen aus EINEM St\u00fcck<\/strong><\/li>\n<li>Material: Polyethylen hoher Dichte &#8211; wei\u00df undurchsichtig &#8211; UV-best\u00e4ndig<\/li>\n<li>Effektive Liegefl\u00e4che: 10 m\u00b2<\/li>\n<li>Volumen: 16 m\u00b3<\/li>\n<li>Abmessungen ; 450x240x220 cm lxbxh*<\/li>\n<li>Gewicht : 350 kg<\/li>\n<\/ul>\n<p>Option: hinteres Streufenster f\u00fcr einfache Streuung<\/p>\n<p>* Die Abmessungen sind Au\u00dfenma\u00dfe\/Transportma\u00dfe und k\u00f6nnen je nach Loft variieren.<\/p>\n","protected":false},"excerpt":{"rendered":"<p>&nbsp; Die gr\u00f6\u00dfte K\u00e4lberh\u00fctte der Welt aus hochdichtem Polyethylen aus EINEM St\u00fcck Material: Polyethylen hoher Dichte &#8211; wei\u00df undurchsichtig &#8211; UV-best\u00e4ndig Effektive Liegefl\u00e4che: 10 m\u00b2 Volumen: 16 m\u00b3 Abmessungen ; 450x240x220 cm lxbxh* Gewicht : 350 kg Option: hinteres Streufenster f\u00fcr einfache Streuung * Die Abmessungen sind Au\u00dfenma\u00dfe\/Transportma\u00dfe und k\u00f6nnen je nach Loft variieren.<\/p>\n","protected":false},"featured_media":2447,"comment_status":"open","ping_status":"closed","template":"","meta":[],"product_brand":[],"product_cat":[84],"product_tag":[],"class_list":{"0":"post-3183","1":"product","2":"type-product","3":"status-publish","4":"has-post-thumbnail","6":"product_cat-gruppenhutten","8":"first","9":"instock","10":"taxable","11":"shipping-taxable","12":"purchasable","13":"product-type-simple"},"yoast_head":"<!-- This site is optimized with the Yoast SEO plugin v25.5 - https:\/\/yoast.com\/wordpress\/plugins\/seo\/ -->\n<title>Vig-O-Comfort SUPER 10 PLUS + 2 Streufenster + Verzinkte Hebestange - Vigocomfort<\/title>\n<meta name=\"robots\" content=\"index, follow, max-snippet:-1, max-image-preview:large, max-video-preview:-1\" \/>\n<link rel=\"canonical\" href=\"https:\/\/vigocomfort.com\/de\/produkt\/vig-o-comfort-super-10-plus-2-streufenster-verzinkte-hebestange\/\" \/>\n<meta property=\"og:locale\" content=\"de_DE\" \/>\n<meta property=\"og:type\" content=\"article\" \/>\n<meta property=\"og:title\" content=\"Vig-O-Comfort SUPER 10 PLUS + 2 Streufenster + Verzinkte Hebestange - Vigocomfort\" \/>\n<meta property=\"og:description\" content=\"&nbsp; Die gr\u00f6\u00dfte K\u00e4lberh\u00fctte der Welt aus hochdichtem Polyethylen aus EINEM St\u00fcck Material: Polyethylen hoher Dichte &#8211; wei\u00df undurchsichtig &#8211; UV-best\u00e4ndig Effektive Liegefl\u00e4che: 10 m\u00b2 Volumen: 16 m\u00b3 Abmessungen ; 450x240x220 cm lxbxh* Gewicht : 350 kg Option: hinteres Streufenster f\u00fcr einfache Streuung * Die Abmessungen sind Au\u00dfenma\u00dfe\/Transportma\u00dfe und k\u00f6nnen je nach Loft variieren.\" \/>\n<meta property=\"og:url\" content=\"https:\/\/vigocomfort.com\/de\/produkt\/vig-o-comfort-super-10-plus-2-streufenster-verzinkte-hebestange\/\" \/>\n<meta property=\"og:site_name\" content=\"Vigocomfort\" \/>\n<meta property=\"article:modified_time\" content=\"2023-12-25T16:05:32+00:00\" \/>\n<meta property=\"og:image\" content=\"https:\/\/vigocomfort.com\/wp-content\/uploads\/2023\/01\/DSC_0837-square.jpg\" \/>\n\t<meta property=\"og:image:width\" content=\"1200\" \/>\n\t<meta property=\"og:image:height\" content=\"1200\" \/>\n\t<meta property=\"og:image:type\" content=\"image\/jpeg\" \/>\n<meta name=\"twitter:card\" content=\"summary_large_image\" \/>\n<script type=\"application\/ld+json\" class=\"yoast-schema-graph\">{\"@context\":\"https:\/\/schema.org\",\"@graph\":[{\"@type\":\"WebPage\",\"@id\":\"https:\/\/vigocomfort.com\/de\/produkt\/vig-o-comfort-super-10-plus-2-streufenster-verzinkte-hebestange\/\",\"url\":\"https:\/\/vigocomfort.com\/de\/produkt\/vig-o-comfort-super-10-plus-2-streufenster-verzinkte-hebestange\/\",\"name\":\"Vig-O-Comfort SUPER 10 PLUS + 2 Streufenster + Verzinkte Hebestange - Vigocomfort\",\"isPartOf\":{\"@id\":\"https:\/\/vigocomfort.com\/de\/#website\"},\"primaryImageOfPage\":{\"@id\":\"https:\/\/vigocomfort.com\/de\/produkt\/vig-o-comfort-super-10-plus-2-streufenster-verzinkte-hebestange\/#primaryimage\"},\"image\":{\"@id\":\"https:\/\/vigocomfort.com\/de\/produkt\/vig-o-comfort-super-10-plus-2-streufenster-verzinkte-hebestange\/#primaryimage\"},\"thumbnailUrl\":\"https:\/\/vigocomfort.com\/wp-content\/uploads\/2023\/01\/DSC_0837-square.jpg\",\"datePublished\":\"2023-01-28T13:19:41+00:00\",\"dateModified\":\"2023-12-25T16:05:32+00:00\",\"breadcrumb\":{\"@id\":\"https:\/\/vigocomfort.com\/de\/produkt\/vig-o-comfort-super-10-plus-2-streufenster-verzinkte-hebestange\/#breadcrumb\"},\"inLanguage\":\"de\",\"potentialAction\":[{\"@type\":\"ReadAction\",\"target\":[\"https:\/\/vigocomfort.com\/de\/produkt\/vig-o-comfort-super-10-plus-2-streufenster-verzinkte-hebestange\/\"]}]},{\"@type\":\"ImageObject\",\"inLanguage\":\"de\",\"@id\":\"https:\/\/vigocomfort.com\/de\/produkt\/vig-o-comfort-super-10-plus-2-streufenster-verzinkte-hebestange\/#primaryimage\",\"url\":\"https:\/\/vigocomfort.com\/wp-content\/uploads\/2023\/01\/DSC_0837-square.jpg\",\"contentUrl\":\"https:\/\/vigocomfort.com\/wp-content\/uploads\/2023\/01\/DSC_0837-square.jpg\",\"width\":1200,\"height\":1200},{\"@type\":\"BreadcrumbList\",\"@id\":\"https:\/\/vigocomfort.com\/de\/produkt\/vig-o-comfort-super-10-plus-2-streufenster-verzinkte-hebestange\/#breadcrumb\",\"itemListElement\":[{\"@type\":\"ListItem\",\"position\":1,\"name\":\"Home\",\"item\":\"https:\/\/vigocomfort.com\/de\/startseite\/\"},{\"@type\":\"ListItem\",\"position\":2,\"name\":\"Shop\",\"item\":\"https:\/\/vigocomfort.com\/de\/shop-2\/\"},{\"@type\":\"ListItem\",\"position\":3,\"name\":\"Vig-O-Comfort SUPER 10 PLUS + 2 Streufenster + Verzinkte Hebestange\"}]},{\"@type\":\"WebSite\",\"@id\":\"https:\/\/vigocomfort.com\/de\/#website\",\"url\":\"https:\/\/vigocomfort.com\/de\/\",\"name\":\"Vigocomfort.com\",\"description\":\"Al meer dan 30 jaar de specialist in kalverhutten\",\"publisher\":{\"@id\":\"https:\/\/vigocomfort.com\/de\/#organization\"},\"potentialAction\":[{\"@type\":\"SearchAction\",\"target\":{\"@type\":\"EntryPoint\",\"urlTemplate\":\"https:\/\/vigocomfort.com\/de\/?s={search_term_string}\"},\"query-input\":{\"@type\":\"PropertyValueSpecification\",\"valueRequired\":true,\"valueName\":\"search_term_string\"}}],\"inLanguage\":\"de\"},{\"@type\":\"Organization\",\"@id\":\"https:\/\/vigocomfort.com\/de\/#organization\",\"name\":\"Vigocomfort.com\",\"url\":\"https:\/\/vigocomfort.com\/de\/\",\"logo\":{\"@type\":\"ImageObject\",\"inLanguage\":\"de\",\"@id\":\"https:\/\/vigocomfort.com\/de\/#\/schema\/logo\/image\/\",\"url\":\"https:\/\/vigocomfort.com\/wp-content\/uploads\/2022\/12\/VIGOCOMFORT-LOGO_2_PNG@2x.png\",\"contentUrl\":\"https:\/\/vigocomfort.com\/wp-content\/uploads\/2022\/12\/VIGOCOMFORT-LOGO_2_PNG@2x.png\",\"width\":430,\"height\":103,\"caption\":\"Vigocomfort.com\"},\"image\":{\"@id\":\"https:\/\/vigocomfort.com\/de\/#\/schema\/logo\/image\/\"}}]}<\/script>\n<!-- \/ Yoast SEO plugin. -->","yoast_head_json":{"title":"Vig-O-Comfort SUPER 10 PLUS + 2 Streufenster + Verzinkte Hebestange - Vigocomfort","robots":{"index":"index","follow":"follow","max-snippet":"max-snippet:-1","max-image-preview":"max-image-preview:large","max-video-preview":"max-video-preview:-1"},"canonical":"https:\/\/vigocomfort.com\/de\/produkt\/vig-o-comfort-super-10-plus-2-streufenster-verzinkte-hebestange\/","og_locale":"de_DE","og_type":"article","og_title":"Vig-O-Comfort SUPER 10 PLUS + 2 Streufenster + Verzinkte Hebestange - Vigocomfort","og_description":"&nbsp; Die gr\u00f6\u00dfte K\u00e4lberh\u00fctte der Welt aus hochdichtem Polyethylen aus EINEM St\u00fcck Material: Polyethylen hoher Dichte &#8211; wei\u00df undurchsichtig &#8211; UV-best\u00e4ndig Effektive Liegefl\u00e4che: 10 m\u00b2 Volumen: 16 m\u00b3 Abmessungen ; 450x240x220 cm lxbxh* Gewicht : 350 kg Option: hinteres Streufenster f\u00fcr einfache Streuung * Die Abmessungen sind Au\u00dfenma\u00dfe\/Transportma\u00dfe und k\u00f6nnen je nach Loft variieren.","og_url":"https:\/\/vigocomfort.com\/de\/produkt\/vig-o-comfort-super-10-plus-2-streufenster-verzinkte-hebestange\/","og_site_name":"Vigocomfort","article_modified_time":"2023-12-25T16:05:32+00:00","og_image":[{"width":1200,"height":1200,"url":"https:\/\/vigocomfort.com\/wp-content\/uploads\/2023\/01\/DSC_0837-square.jpg","type":"image\/jpeg"}],"twitter_card":"summary_large_image","schema":{"@context":"https:\/\/schema.org","@graph":[{"@type":"WebPage","@id":"https:\/\/vigocomfort.com\/de\/produkt\/vig-o-comfort-super-10-plus-2-streufenster-verzinkte-hebestange\/","url":"https:\/\/vigocomfort.com\/de\/produkt\/vig-o-comfort-super-10-plus-2-streufenster-verzinkte-hebestange\/","name":"Vig-O-Comfort SUPER 10 PLUS + 2 Streufenster + Verzinkte Hebestange - Vigocomfort","isPartOf":{"@id":"https:\/\/vigocomfort.com\/de\/#website"},"primaryImageOfPage":{"@id":"https:\/\/vigocomfort.com\/de\/produkt\/vig-o-comfort-super-10-plus-2-streufenster-verzinkte-hebestange\/#primaryimage"},"image":{"@id":"https:\/\/vigocomfort.com\/de\/produkt\/vig-o-comfort-super-10-plus-2-streufenster-verzinkte-hebestange\/#primaryimage"},"thumbnailUrl":"https:\/\/vigocomfort.com\/wp-content\/uploads\/2023\/01\/DSC_0837-square.jpg","datePublished":"2023-01-28T13:19:41+00:00","dateModified":"2023-12-25T16:05:32+00:00","breadcrumb":{"@id":"https:\/\/vigocomfort.com\/de\/produkt\/vig-o-comfort-super-10-plus-2-streufenster-verzinkte-hebestange\/#breadcrumb"},"inLanguage":"de","potentialAction":[{"@type":"ReadAction","target":["https:\/\/vigocomfort.com\/de\/produkt\/vig-o-comfort-super-10-plus-2-streufenster-verzinkte-hebestange\/"]}]},{"@type":"ImageObject","inLanguage":"de","@id":"https:\/\/vigocomfort.com\/de\/produkt\/vig-o-comfort-super-10-plus-2-streufenster-verzinkte-hebestange\/#primaryimage","url":"https:\/\/vigocomfort.com\/wp-content\/uploads\/2023\/01\/DSC_0837-square.jpg","contentUrl":"https:\/\/vigocomfort.com\/wp-content\/uploads\/2023\/01\/DSC_0837-square.jpg","width":1200,"height":1200},{"@type":"BreadcrumbList","@id":"https:\/\/vigocomfort.com\/de\/produkt\/vig-o-comfort-super-10-plus-2-streufenster-verzinkte-hebestange\/#breadcrumb","itemListElement":[{"@type":"ListItem","position":1,"name":"Home","item":"https:\/\/vigocomfort.com\/de\/startseite\/"},{"@type":"ListItem","position":2,"name":"Shop","item":"https:\/\/vigocomfort.com\/de\/shop-2\/"},{"@type":"ListItem","position":3,"name":"Vig-O-Comfort SUPER 10 PLUS + 2 Streufenster + Verzinkte Hebestange"}]},{"@type":"WebSite","@id":"https:\/\/vigocomfort.com\/de\/#website","url":"https:\/\/vigocomfort.com\/de\/","name":"Vigocomfort.com","description":"Al meer dan 30 jaar de specialist in kalverhutten","publisher":{"@id":"https:\/\/vigocomfort.com\/de\/#organization"},"potentialAction":[{"@type":"SearchAction","target":{"@type":"EntryPoint","urlTemplate":"https:\/\/vigocomfort.com\/de\/?s={search_term_string}"},"query-input":{"@type":"PropertyValueSpecification","valueRequired":true,"valueName":"search_term_string"}}],"inLanguage":"de"},{"@type":"Organization","@id":"https:\/\/vigocomfort.com\/de\/#organization","name":"Vigocomfort.com","url":"https:\/\/vigocomfort.com\/de\/","logo":{"@type":"ImageObject","inLanguage":"de","@id":"https:\/\/vigocomfort.com\/de\/#\/schema\/logo\/image\/","url":"https:\/\/vigocomfort.com\/wp-content\/uploads\/2022\/12\/VIGOCOMFORT-LOGO_2_PNG@2x.png","contentUrl":"https:\/\/vigocomfort.com\/wp-content\/uploads\/2022\/12\/VIGOCOMFORT-LOGO_2_PNG@2x.png","width":430,"height":103,"caption":"Vigocomfort.com"},"image":{"@id":"https:\/\/vigocomfort.com\/de\/#\/schema\/logo\/image\/"}}]}},"_links":{"self":[{"href":"https:\/\/vigocomfort.com\/de\/wp-json\/wp\/v2\/product\/3183","targetHints":{"allow":["GET"]}}],"collection":[{"href":"https:\/\/vigocomfort.com\/de\/wp-json\/wp\/v2\/product"}],"about":[{"href":"https:\/\/vigocomfort.com\/de\/wp-json\/wp\/v2\/types\/product"}],"replies":[{"embeddable":true,"href":"https:\/\/vigocomfort.com\/de\/wp-json\/wp\/v2\/comments?post=3183"}],"wp:featuredmedia":[{"embeddable":true,"href":"https:\/\/vigocomfort.com\/de\/wp-json\/wp\/v2\/media\/2447"}],"wp:attachment":[{"href":"https:\/\/vigocomfort.com\/de\/wp-json\/wp\/v2\/media?parent=3183"}],"wp:term":[{"taxonomy":"product_brand","embeddable":true,"href":"https:\/\/vigocomfort.com\/de\/wp-json\/wp\/v2\/product_brand?post=3183"},{"taxonomy":"product_cat","embeddable":true,"href":"https:\/\/vigocomfort.com\/de\/wp-json\/wp\/v2\/product_cat?post=3183"},{"taxonomy":"product_tag","embeddable":true,"href":"https:\/\/vigocomfort.com\/de\/wp-json\/wp\/v2\/product_tag?post=3183"}],"curies":[{"name":"wp","href":"https:\/\/api.w.org\/{rel}","templated":true}]}}