{"id":2651,"date":"2023-01-31T18:17:01","date_gmt":"2023-01-31T17:17:01","guid":{"rendered":"https:\/\/vigocomfort.com\/product\/vig-o-comfort-standard-plus-sans-fenetre-de-diffusion\/"},"modified":"2023-12-25T16:52:42","modified_gmt":"2023-12-25T15:52:42","slug":"vig-o-comfort-standard-plus-sans-fenetre-de-diffusion","status":"publish","type":"product","link":"https:\/\/vigocomfort.com\/fr\/produit\/vig-o-comfort-standard-plus-sans-fenetre-de-diffusion\/","title":{"rendered":"Vig-O-Comfort Standard Plus (sans fen\u00eatre de diffusion)"},"content":{"rendered":"<p>Gegalvaniseerde metalen Linker en Rechter rail.<\/p>\n<ul>\n<li>Mat\u00e9riau : moul\u00e9 en poly\u00e9thyl\u00e8ne haute densit\u00e9 &#8211; blanc opaque &#8211; r\u00e9sistant aux UV<\/li>\n<li>Surface de couchage effective : 1,85 m\u00b2.<\/li>\n<li>Volume : 2,50 m\u00b3<\/li>\n<li>Cabine : 160 x 120 x 145 cm (L x l x h)<\/li>\n<li>Poids : 40 kg<\/li>\n<li>Rails gauche et droit en m\u00e9tal galvanis\u00e9.<\/li>\n<\/ul>\n<p>* Les dimensions sont des dimensions ext\u00e9rieures\/de transport et peuvent varier d&rsquo;un grenier \u00e0 l&rsquo;autre.<\/p>\n","protected":false},"excerpt":{"rendered":"<p>Gegalvaniseerde metalen Linker en Rechter rail. Mat\u00e9riau : moul\u00e9 en poly\u00e9thyl\u00e8ne haute densit\u00e9 &#8211; blanc opaque &#8211; r\u00e9sistant aux UV Surface de couchage effective : 1,85 m\u00b2. Volume : 2,50 m\u00b3 Cabine : 160 x 120 x 145 cm (L x l x h) Poids : 40 kg Rails gauche et droit en m\u00e9tal galvanis\u00e9. [&hellip;]<\/p>\n","protected":false},"featured_media":1396,"comment_status":"open","ping_status":"closed","template":"","meta":[],"product_brand":[],"product_cat":[72],"product_tag":[],"class_list":{"0":"post-2651","1":"product","2":"type-product","3":"status-publish","4":"has-post-thumbnail","6":"product_cat-niches-individuelles","8":"first","9":"instock","10":"taxable","11":"shipping-taxable","12":"purchasable","13":"product-type-simple"},"yoast_head":"<!-- This site is optimized with the Yoast SEO plugin v25.5 - https:\/\/yoast.com\/wordpress\/plugins\/seo\/ -->\n<title>Vig-O-Comfort Standard Plus (sans fen\u00eatre de diffusion) - Vigocomfort<\/title>\n<meta name=\"robots\" content=\"index, follow, max-snippet:-1, max-image-preview:large, max-video-preview:-1\" \/>\n<link rel=\"canonical\" href=\"https:\/\/vigocomfort.com\/fr\/produit\/vig-o-comfort-standard-plus-sans-fenetre-de-diffusion\/\" \/>\n<meta property=\"og:locale\" content=\"fr_FR\" \/>\n<meta property=\"og:type\" content=\"article\" \/>\n<meta property=\"og:title\" content=\"Vig-O-Comfort Standard Plus (sans fen\u00eatre de diffusion) - Vigocomfort\" \/>\n<meta property=\"og:description\" content=\"Gegalvaniseerde metalen Linker en Rechter rail. Mat\u00e9riau : moul\u00e9 en poly\u00e9thyl\u00e8ne haute densit\u00e9 &#8211; blanc opaque &#8211; r\u00e9sistant aux UV Surface de couchage effective : 1,85 m\u00b2. Volume : 2,50 m\u00b3 Cabine : 160 x 120 x 145 cm (L x l x h) Poids : 40 kg Rails gauche et droit en m\u00e9tal galvanis\u00e9. [&hellip;]\" \/>\n<meta property=\"og:url\" content=\"https:\/\/vigocomfort.com\/fr\/produit\/vig-o-comfort-standard-plus-sans-fenetre-de-diffusion\/\" \/>\n<meta property=\"og:site_name\" content=\"Vigocomfort\" \/>\n<meta property=\"article:modified_time\" content=\"2023-12-25T15:52:42+00:00\" \/>\n<meta property=\"og:image\" content=\"https:\/\/vigocomfort.com\/wp-content\/uploads\/2023\/01\/DSC_0828-1024x683.png\" \/>\n\t<meta property=\"og:image:width\" content=\"1024\" \/>\n\t<meta property=\"og:image:height\" content=\"683\" \/>\n\t<meta property=\"og:image:type\" content=\"image\/png\" \/>\n<meta name=\"twitter:card\" content=\"summary_large_image\" \/>\n<script type=\"application\/ld+json\" class=\"yoast-schema-graph\">{\"@context\":\"https:\/\/schema.org\",\"@graph\":[{\"@type\":\"WebPage\",\"@id\":\"https:\/\/vigocomfort.com\/fr\/produit\/vig-o-comfort-standard-plus-sans-fenetre-de-diffusion\/\",\"url\":\"https:\/\/vigocomfort.com\/fr\/produit\/vig-o-comfort-standard-plus-sans-fenetre-de-diffusion\/\",\"name\":\"Vig-O-Comfort Standard Plus (sans fen\u00eatre de diffusion) - Vigocomfort\",\"isPartOf\":{\"@id\":\"https:\/\/vigocomfort.com\/fr\/#website\"},\"primaryImageOfPage\":{\"@id\":\"https:\/\/vigocomfort.com\/fr\/produit\/vig-o-comfort-standard-plus-sans-fenetre-de-diffusion\/#primaryimage\"},\"image\":{\"@id\":\"https:\/\/vigocomfort.com\/fr\/produit\/vig-o-comfort-standard-plus-sans-fenetre-de-diffusion\/#primaryimage\"},\"thumbnailUrl\":\"https:\/\/vigocomfort.com\/wp-content\/uploads\/2023\/01\/DSC_0828.png\",\"datePublished\":\"2023-01-31T17:17:01+00:00\",\"dateModified\":\"2023-12-25T15:52:42+00:00\",\"breadcrumb\":{\"@id\":\"https:\/\/vigocomfort.com\/fr\/produit\/vig-o-comfort-standard-plus-sans-fenetre-de-diffusion\/#breadcrumb\"},\"inLanguage\":\"fr-FR\",\"potentialAction\":[{\"@type\":\"ReadAction\",\"target\":[\"https:\/\/vigocomfort.com\/fr\/produit\/vig-o-comfort-standard-plus-sans-fenetre-de-diffusion\/\"]}]},{\"@type\":\"ImageObject\",\"inLanguage\":\"fr-FR\",\"@id\":\"https:\/\/vigocomfort.com\/fr\/produit\/vig-o-comfort-standard-plus-sans-fenetre-de-diffusion\/#primaryimage\",\"url\":\"https:\/\/vigocomfort.com\/wp-content\/uploads\/2023\/01\/DSC_0828.png\",\"contentUrl\":\"https:\/\/vigocomfort.com\/wp-content\/uploads\/2023\/01\/DSC_0828.png\",\"width\":6000,\"height\":4000,\"caption\":\"Des box pour vos veaux\"},{\"@type\":\"BreadcrumbList\",\"@id\":\"https:\/\/vigocomfort.com\/fr\/produit\/vig-o-comfort-standard-plus-sans-fenetre-de-diffusion\/#breadcrumb\",\"itemListElement\":[{\"@type\":\"ListItem\",\"position\":1,\"name\":\"Home\",\"item\":\"https:\/\/vigocomfort.com\/fr\/\"},{\"@type\":\"ListItem\",\"position\":2,\"name\":\"Boutique\",\"item\":\"https:\/\/vigocomfort.com\/fr\/boutique\/\"},{\"@type\":\"ListItem\",\"position\":3,\"name\":\"Vig-O-Comfort Standard Plus (sans fen\u00eatre de diffusion)\"}]},{\"@type\":\"WebSite\",\"@id\":\"https:\/\/vigocomfort.com\/fr\/#website\",\"url\":\"https:\/\/vigocomfort.com\/fr\/\",\"name\":\"Vigocomfort.com\",\"description\":\"Al meer dan 30 jaar de specialist in kalverhutten\",\"publisher\":{\"@id\":\"https:\/\/vigocomfort.com\/fr\/#organization\"},\"potentialAction\":[{\"@type\":\"SearchAction\",\"target\":{\"@type\":\"EntryPoint\",\"urlTemplate\":\"https:\/\/vigocomfort.com\/fr\/?s={search_term_string}\"},\"query-input\":{\"@type\":\"PropertyValueSpecification\",\"valueRequired\":true,\"valueName\":\"search_term_string\"}}],\"inLanguage\":\"fr-FR\"},{\"@type\":\"Organization\",\"@id\":\"https:\/\/vigocomfort.com\/fr\/#organization\",\"name\":\"Vigocomfort.com\",\"url\":\"https:\/\/vigocomfort.com\/fr\/\",\"logo\":{\"@type\":\"ImageObject\",\"inLanguage\":\"fr-FR\",\"@id\":\"https:\/\/vigocomfort.com\/fr\/#\/schema\/logo\/image\/\",\"url\":\"https:\/\/vigocomfort.com\/wp-content\/uploads\/2022\/12\/VIGOCOMFORT-LOGO_2_PNG@2x.png\",\"contentUrl\":\"https:\/\/vigocomfort.com\/wp-content\/uploads\/2022\/12\/VIGOCOMFORT-LOGO_2_PNG@2x.png\",\"width\":430,\"height\":103,\"caption\":\"Vigocomfort.com\"},\"image\":{\"@id\":\"https:\/\/vigocomfort.com\/fr\/#\/schema\/logo\/image\/\"}}]}<\/script>\n<!-- \/ Yoast SEO plugin. -->","yoast_head_json":{"title":"Vig-O-Comfort Standard Plus (sans fen\u00eatre de diffusion) - Vigocomfort","robots":{"index":"index","follow":"follow","max-snippet":"max-snippet:-1","max-image-preview":"max-image-preview:large","max-video-preview":"max-video-preview:-1"},"canonical":"https:\/\/vigocomfort.com\/fr\/produit\/vig-o-comfort-standard-plus-sans-fenetre-de-diffusion\/","og_locale":"fr_FR","og_type":"article","og_title":"Vig-O-Comfort Standard Plus (sans fen\u00eatre de diffusion) - Vigocomfort","og_description":"Gegalvaniseerde metalen Linker en Rechter rail. Mat\u00e9riau : moul\u00e9 en poly\u00e9thyl\u00e8ne haute densit\u00e9 &#8211; blanc opaque &#8211; r\u00e9sistant aux UV Surface de couchage effective : 1,85 m\u00b2. Volume : 2,50 m\u00b3 Cabine : 160 x 120 x 145 cm (L x l x h) Poids : 40 kg Rails gauche et droit en m\u00e9tal galvanis\u00e9. [&hellip;]","og_url":"https:\/\/vigocomfort.com\/fr\/produit\/vig-o-comfort-standard-plus-sans-fenetre-de-diffusion\/","og_site_name":"Vigocomfort","article_modified_time":"2023-12-25T15:52:42+00:00","og_image":[{"width":1024,"height":683,"url":"https:\/\/vigocomfort.com\/wp-content\/uploads\/2023\/01\/DSC_0828-1024x683.png","type":"image\/png"}],"twitter_card":"summary_large_image","schema":{"@context":"https:\/\/schema.org","@graph":[{"@type":"WebPage","@id":"https:\/\/vigocomfort.com\/fr\/produit\/vig-o-comfort-standard-plus-sans-fenetre-de-diffusion\/","url":"https:\/\/vigocomfort.com\/fr\/produit\/vig-o-comfort-standard-plus-sans-fenetre-de-diffusion\/","name":"Vig-O-Comfort Standard Plus (sans fen\u00eatre de diffusion) - Vigocomfort","isPartOf":{"@id":"https:\/\/vigocomfort.com\/fr\/#website"},"primaryImageOfPage":{"@id":"https:\/\/vigocomfort.com\/fr\/produit\/vig-o-comfort-standard-plus-sans-fenetre-de-diffusion\/#primaryimage"},"image":{"@id":"https:\/\/vigocomfort.com\/fr\/produit\/vig-o-comfort-standard-plus-sans-fenetre-de-diffusion\/#primaryimage"},"thumbnailUrl":"https:\/\/vigocomfort.com\/wp-content\/uploads\/2023\/01\/DSC_0828.png","datePublished":"2023-01-31T17:17:01+00:00","dateModified":"2023-12-25T15:52:42+00:00","breadcrumb":{"@id":"https:\/\/vigocomfort.com\/fr\/produit\/vig-o-comfort-standard-plus-sans-fenetre-de-diffusion\/#breadcrumb"},"inLanguage":"fr-FR","potentialAction":[{"@type":"ReadAction","target":["https:\/\/vigocomfort.com\/fr\/produit\/vig-o-comfort-standard-plus-sans-fenetre-de-diffusion\/"]}]},{"@type":"ImageObject","inLanguage":"fr-FR","@id":"https:\/\/vigocomfort.com\/fr\/produit\/vig-o-comfort-standard-plus-sans-fenetre-de-diffusion\/#primaryimage","url":"https:\/\/vigocomfort.com\/wp-content\/uploads\/2023\/01\/DSC_0828.png","contentUrl":"https:\/\/vigocomfort.com\/wp-content\/uploads\/2023\/01\/DSC_0828.png","width":6000,"height":4000,"caption":"Des box pour vos veaux"},{"@type":"BreadcrumbList","@id":"https:\/\/vigocomfort.com\/fr\/produit\/vig-o-comfort-standard-plus-sans-fenetre-de-diffusion\/#breadcrumb","itemListElement":[{"@type":"ListItem","position":1,"name":"Home","item":"https:\/\/vigocomfort.com\/fr\/"},{"@type":"ListItem","position":2,"name":"Boutique","item":"https:\/\/vigocomfort.com\/fr\/boutique\/"},{"@type":"ListItem","position":3,"name":"Vig-O-Comfort Standard Plus (sans fen\u00eatre de diffusion)"}]},{"@type":"WebSite","@id":"https:\/\/vigocomfort.com\/fr\/#website","url":"https:\/\/vigocomfort.com\/fr\/","name":"Vigocomfort.com","description":"Al meer dan 30 jaar de specialist in kalverhutten","publisher":{"@id":"https:\/\/vigocomfort.com\/fr\/#organization"},"potentialAction":[{"@type":"SearchAction","target":{"@type":"EntryPoint","urlTemplate":"https:\/\/vigocomfort.com\/fr\/?s={search_term_string}"},"query-input":{"@type":"PropertyValueSpecification","valueRequired":true,"valueName":"search_term_string"}}],"inLanguage":"fr-FR"},{"@type":"Organization","@id":"https:\/\/vigocomfort.com\/fr\/#organization","name":"Vigocomfort.com","url":"https:\/\/vigocomfort.com\/fr\/","logo":{"@type":"ImageObject","inLanguage":"fr-FR","@id":"https:\/\/vigocomfort.com\/fr\/#\/schema\/logo\/image\/","url":"https:\/\/vigocomfort.com\/wp-content\/uploads\/2022\/12\/VIGOCOMFORT-LOGO_2_PNG@2x.png","contentUrl":"https:\/\/vigocomfort.com\/wp-content\/uploads\/2022\/12\/VIGOCOMFORT-LOGO_2_PNG@2x.png","width":430,"height":103,"caption":"Vigocomfort.com"},"image":{"@id":"https:\/\/vigocomfort.com\/fr\/#\/schema\/logo\/image\/"}}]}},"_links":{"self":[{"href":"https:\/\/vigocomfort.com\/fr\/wp-json\/wp\/v2\/product\/2651","targetHints":{"allow":["GET"]}}],"collection":[{"href":"https:\/\/vigocomfort.com\/fr\/wp-json\/wp\/v2\/product"}],"about":[{"href":"https:\/\/vigocomfort.com\/fr\/wp-json\/wp\/v2\/types\/product"}],"replies":[{"embeddable":true,"href":"https:\/\/vigocomfort.com\/fr\/wp-json\/wp\/v2\/comments?post=2651"}],"wp:featuredmedia":[{"embeddable":true,"href":"https:\/\/vigocomfort.com\/fr\/wp-json\/wp\/v2\/media\/1396"}],"wp:attachment":[{"href":"https:\/\/vigocomfort.com\/fr\/wp-json\/wp\/v2\/media?parent=2651"}],"wp:term":[{"taxonomy":"product_brand","embeddable":true,"href":"https:\/\/vigocomfort.com\/fr\/wp-json\/wp\/v2\/product_brand?post=2651"},{"taxonomy":"product_cat","embeddable":true,"href":"https:\/\/vigocomfort.com\/fr\/wp-json\/wp\/v2\/product_cat?post=2651"},{"taxonomy":"product_tag","embeddable":true,"href":"https:\/\/vigocomfort.com\/fr\/wp-json\/wp\/v2\/product_tag?post=2651"}],"curies":[{"name":"wp","href":"https:\/\/api.w.org\/{rel}","templated":true}]}}