{"id":2655,"date":"2023-01-28T14:48:37","date_gmt":"2023-01-28T13:48:37","guid":{"rendered":"https:\/\/vigocomfort.com\/product\/vig-o-comfort-super-pour-6-veaux\/"},"modified":"2023-12-25T17:01:09","modified_gmt":"2023-12-25T16:01:09","slug":"vig-o-comfort-super-pour-6-veaux","status":"publish","type":"product","link":"https:\/\/vigocomfort.com\/fr\/produit\/vig-o-comfort-super-pour-6-veaux\/","title":{"rendered":"Vig-O-Comfort SUPER pour 6 veaux"},"content":{"rendered":"<ul>\n<li>mat\u00e9riau moul\u00e9 en poly\u00e9thyl\u00e8ne haute densit\u00e9 &#8211; blanc opaque &#8211; r\u00e9sistant aux UV<\/li>\n<li>Surface de couchage effective : 6,5 m\u00b2.<\/li>\n<li>Volume: 10 m\u00b3<\/li>\n<li>Cabane et cl\u00f4ture : 13,5m\u00b2.<\/li>\n<li>Porte avant install\u00e9e pour s\u00e9curiser les veaux<\/li>\n<li>Cabine : 300x240x200 cm lxlxh<\/li>\n<li>Poids : 160 kg<\/li>\n<\/ul>\n<p>* Les dimensions sont des dimensions ext\u00e9rieures\/de transport et peuvent varier d&rsquo;un grenier \u00e0 l&rsquo;autre.<\/p>\n","protected":false},"excerpt":{"rendered":"<p>mat\u00e9riau moul\u00e9 en poly\u00e9thyl\u00e8ne haute densit\u00e9 &#8211; blanc opaque &#8211; r\u00e9sistant aux UV Surface de couchage effective : 6,5 m\u00b2. Volume: 10 m\u00b3 Cabane et cl\u00f4ture : 13,5m\u00b2. Porte avant install\u00e9e pour s\u00e9curiser les veaux Cabine : 300x240x200 cm lxlxh Poids : 160 kg * Les dimensions sont des dimensions ext\u00e9rieures\/de transport et peuvent varier [&hellip;]<\/p>\n","protected":false},"featured_media":1846,"comment_status":"open","ping_status":"closed","template":"","meta":[],"product_brand":[],"product_cat":[71],"product_tag":[],"class_list":{"0":"post-2655","1":"product","2":"type-product","3":"status-publish","4":"has-post-thumbnail","6":"product_cat-niches-de-groupe","8":"first","9":"instock","10":"taxable","11":"shipping-taxable","12":"purchasable","13":"product-type-simple"},"yoast_head":"<!-- This site is optimized with the Yoast SEO plugin v25.5 - https:\/\/yoast.com\/wordpress\/plugins\/seo\/ -->\n<title>Vig-O-Comfort SUPER pour 6 veaux - Vigocomfort<\/title>\n<meta name=\"robots\" content=\"index, follow, max-snippet:-1, max-image-preview:large, max-video-preview:-1\" \/>\n<link rel=\"canonical\" href=\"https:\/\/vigocomfort.com\/fr\/produit\/vig-o-comfort-super-pour-6-veaux\/\" \/>\n<meta property=\"og:locale\" content=\"fr_FR\" \/>\n<meta property=\"og:type\" content=\"article\" \/>\n<meta property=\"og:title\" content=\"Vig-O-Comfort SUPER pour 6 veaux - Vigocomfort\" \/>\n<meta property=\"og:description\" content=\"mat\u00e9riau moul\u00e9 en poly\u00e9thyl\u00e8ne haute densit\u00e9 &#8211; blanc opaque &#8211; r\u00e9sistant aux UV Surface de couchage effective : 6,5 m\u00b2. Volume: 10 m\u00b3 Cabane et cl\u00f4ture : 13,5m\u00b2. Porte avant install\u00e9e pour s\u00e9curiser les veaux Cabine : 300x240x200 cm lxlxh Poids : 160 kg * Les dimensions sont des dimensions ext\u00e9rieures\/de transport et peuvent varier [&hellip;]\" \/>\n<meta property=\"og:url\" content=\"https:\/\/vigocomfort.com\/fr\/produit\/vig-o-comfort-super-pour-6-veaux\/\" \/>\n<meta property=\"og:site_name\" content=\"Vigocomfort\" \/>\n<meta property=\"article:modified_time\" content=\"2023-12-25T16:01:09+00:00\" \/>\n<meta property=\"og:image\" content=\"https:\/\/vigocomfort.com\/wp-content\/uploads\/2023\/01\/Vig-O-Comfort-SUPER-2.jpg\" \/>\n\t<meta property=\"og:image:width\" content=\"1280\" \/>\n\t<meta property=\"og:image:height\" content=\"853\" \/>\n\t<meta property=\"og:image:type\" content=\"image\/jpeg\" \/>\n<meta name=\"twitter:card\" content=\"summary_large_image\" \/>\n<script type=\"application\/ld+json\" class=\"yoast-schema-graph\">{\"@context\":\"https:\/\/schema.org\",\"@graph\":[{\"@type\":\"WebPage\",\"@id\":\"https:\/\/vigocomfort.com\/fr\/produit\/vig-o-comfort-super-pour-6-veaux\/\",\"url\":\"https:\/\/vigocomfort.com\/fr\/produit\/vig-o-comfort-super-pour-6-veaux\/\",\"name\":\"Vig-O-Comfort SUPER pour 6 veaux - Vigocomfort\",\"isPartOf\":{\"@id\":\"https:\/\/vigocomfort.com\/fr\/#website\"},\"primaryImageOfPage\":{\"@id\":\"https:\/\/vigocomfort.com\/fr\/produit\/vig-o-comfort-super-pour-6-veaux\/#primaryimage\"},\"image\":{\"@id\":\"https:\/\/vigocomfort.com\/fr\/produit\/vig-o-comfort-super-pour-6-veaux\/#primaryimage\"},\"thumbnailUrl\":\"https:\/\/vigocomfort.com\/wp-content\/uploads\/2023\/01\/Vig-O-Comfort-SUPER-2.jpg\",\"datePublished\":\"2023-01-28T13:48:37+00:00\",\"dateModified\":\"2023-12-25T16:01:09+00:00\",\"breadcrumb\":{\"@id\":\"https:\/\/vigocomfort.com\/fr\/produit\/vig-o-comfort-super-pour-6-veaux\/#breadcrumb\"},\"inLanguage\":\"fr-FR\",\"potentialAction\":[{\"@type\":\"ReadAction\",\"target\":[\"https:\/\/vigocomfort.com\/fr\/produit\/vig-o-comfort-super-pour-6-veaux\/\"]}]},{\"@type\":\"ImageObject\",\"inLanguage\":\"fr-FR\",\"@id\":\"https:\/\/vigocomfort.com\/fr\/produit\/vig-o-comfort-super-pour-6-veaux\/#primaryimage\",\"url\":\"https:\/\/vigocomfort.com\/wp-content\/uploads\/2023\/01\/Vig-O-Comfort-SUPER-2.jpg\",\"contentUrl\":\"https:\/\/vigocomfort.com\/wp-content\/uploads\/2023\/01\/Vig-O-Comfort-SUPER-2.jpg\",\"width\":1280,\"height\":853},{\"@type\":\"BreadcrumbList\",\"@id\":\"https:\/\/vigocomfort.com\/fr\/produit\/vig-o-comfort-super-pour-6-veaux\/#breadcrumb\",\"itemListElement\":[{\"@type\":\"ListItem\",\"position\":1,\"name\":\"Home\",\"item\":\"https:\/\/vigocomfort.com\/fr\/\"},{\"@type\":\"ListItem\",\"position\":2,\"name\":\"Boutique\",\"item\":\"https:\/\/vigocomfort.com\/fr\/boutique\/\"},{\"@type\":\"ListItem\",\"position\":3,\"name\":\"Vig-O-Comfort SUPER pour 6 veaux\"}]},{\"@type\":\"WebSite\",\"@id\":\"https:\/\/vigocomfort.com\/fr\/#website\",\"url\":\"https:\/\/vigocomfort.com\/fr\/\",\"name\":\"Vigocomfort.com\",\"description\":\"Al meer dan 30 jaar de specialist in kalverhutten\",\"publisher\":{\"@id\":\"https:\/\/vigocomfort.com\/fr\/#organization\"},\"potentialAction\":[{\"@type\":\"SearchAction\",\"target\":{\"@type\":\"EntryPoint\",\"urlTemplate\":\"https:\/\/vigocomfort.com\/fr\/?s={search_term_string}\"},\"query-input\":{\"@type\":\"PropertyValueSpecification\",\"valueRequired\":true,\"valueName\":\"search_term_string\"}}],\"inLanguage\":\"fr-FR\"},{\"@type\":\"Organization\",\"@id\":\"https:\/\/vigocomfort.com\/fr\/#organization\",\"name\":\"Vigocomfort.com\",\"url\":\"https:\/\/vigocomfort.com\/fr\/\",\"logo\":{\"@type\":\"ImageObject\",\"inLanguage\":\"fr-FR\",\"@id\":\"https:\/\/vigocomfort.com\/fr\/#\/schema\/logo\/image\/\",\"url\":\"https:\/\/vigocomfort.com\/wp-content\/uploads\/2022\/12\/VIGOCOMFORT-LOGO_2_PNG@2x.png\",\"contentUrl\":\"https:\/\/vigocomfort.com\/wp-content\/uploads\/2022\/12\/VIGOCOMFORT-LOGO_2_PNG@2x.png\",\"width\":430,\"height\":103,\"caption\":\"Vigocomfort.com\"},\"image\":{\"@id\":\"https:\/\/vigocomfort.com\/fr\/#\/schema\/logo\/image\/\"}}]}<\/script>\n<!-- \/ Yoast SEO plugin. -->","yoast_head_json":{"title":"Vig-O-Comfort SUPER pour 6 veaux - Vigocomfort","robots":{"index":"index","follow":"follow","max-snippet":"max-snippet:-1","max-image-preview":"max-image-preview:large","max-video-preview":"max-video-preview:-1"},"canonical":"https:\/\/vigocomfort.com\/fr\/produit\/vig-o-comfort-super-pour-6-veaux\/","og_locale":"fr_FR","og_type":"article","og_title":"Vig-O-Comfort SUPER pour 6 veaux - Vigocomfort","og_description":"mat\u00e9riau moul\u00e9 en poly\u00e9thyl\u00e8ne haute densit\u00e9 &#8211; blanc opaque &#8211; r\u00e9sistant aux UV Surface de couchage effective : 6,5 m\u00b2. Volume: 10 m\u00b3 Cabane et cl\u00f4ture : 13,5m\u00b2. Porte avant install\u00e9e pour s\u00e9curiser les veaux Cabine : 300x240x200 cm lxlxh Poids : 160 kg * Les dimensions sont des dimensions ext\u00e9rieures\/de transport et peuvent varier [&hellip;]","og_url":"https:\/\/vigocomfort.com\/fr\/produit\/vig-o-comfort-super-pour-6-veaux\/","og_site_name":"Vigocomfort","article_modified_time":"2023-12-25T16:01:09+00:00","og_image":[{"width":1280,"height":853,"url":"https:\/\/vigocomfort.com\/wp-content\/uploads\/2023\/01\/Vig-O-Comfort-SUPER-2.jpg","type":"image\/jpeg"}],"twitter_card":"summary_large_image","schema":{"@context":"https:\/\/schema.org","@graph":[{"@type":"WebPage","@id":"https:\/\/vigocomfort.com\/fr\/produit\/vig-o-comfort-super-pour-6-veaux\/","url":"https:\/\/vigocomfort.com\/fr\/produit\/vig-o-comfort-super-pour-6-veaux\/","name":"Vig-O-Comfort SUPER pour 6 veaux - Vigocomfort","isPartOf":{"@id":"https:\/\/vigocomfort.com\/fr\/#website"},"primaryImageOfPage":{"@id":"https:\/\/vigocomfort.com\/fr\/produit\/vig-o-comfort-super-pour-6-veaux\/#primaryimage"},"image":{"@id":"https:\/\/vigocomfort.com\/fr\/produit\/vig-o-comfort-super-pour-6-veaux\/#primaryimage"},"thumbnailUrl":"https:\/\/vigocomfort.com\/wp-content\/uploads\/2023\/01\/Vig-O-Comfort-SUPER-2.jpg","datePublished":"2023-01-28T13:48:37+00:00","dateModified":"2023-12-25T16:01:09+00:00","breadcrumb":{"@id":"https:\/\/vigocomfort.com\/fr\/produit\/vig-o-comfort-super-pour-6-veaux\/#breadcrumb"},"inLanguage":"fr-FR","potentialAction":[{"@type":"ReadAction","target":["https:\/\/vigocomfort.com\/fr\/produit\/vig-o-comfort-super-pour-6-veaux\/"]}]},{"@type":"ImageObject","inLanguage":"fr-FR","@id":"https:\/\/vigocomfort.com\/fr\/produit\/vig-o-comfort-super-pour-6-veaux\/#primaryimage","url":"https:\/\/vigocomfort.com\/wp-content\/uploads\/2023\/01\/Vig-O-Comfort-SUPER-2.jpg","contentUrl":"https:\/\/vigocomfort.com\/wp-content\/uploads\/2023\/01\/Vig-O-Comfort-SUPER-2.jpg","width":1280,"height":853},{"@type":"BreadcrumbList","@id":"https:\/\/vigocomfort.com\/fr\/produit\/vig-o-comfort-super-pour-6-veaux\/#breadcrumb","itemListElement":[{"@type":"ListItem","position":1,"name":"Home","item":"https:\/\/vigocomfort.com\/fr\/"},{"@type":"ListItem","position":2,"name":"Boutique","item":"https:\/\/vigocomfort.com\/fr\/boutique\/"},{"@type":"ListItem","position":3,"name":"Vig-O-Comfort SUPER pour 6 veaux"}]},{"@type":"WebSite","@id":"https:\/\/vigocomfort.com\/fr\/#website","url":"https:\/\/vigocomfort.com\/fr\/","name":"Vigocomfort.com","description":"Al meer dan 30 jaar de specialist in kalverhutten","publisher":{"@id":"https:\/\/vigocomfort.com\/fr\/#organization"},"potentialAction":[{"@type":"SearchAction","target":{"@type":"EntryPoint","urlTemplate":"https:\/\/vigocomfort.com\/fr\/?s={search_term_string}"},"query-input":{"@type":"PropertyValueSpecification","valueRequired":true,"valueName":"search_term_string"}}],"inLanguage":"fr-FR"},{"@type":"Organization","@id":"https:\/\/vigocomfort.com\/fr\/#organization","name":"Vigocomfort.com","url":"https:\/\/vigocomfort.com\/fr\/","logo":{"@type":"ImageObject","inLanguage":"fr-FR","@id":"https:\/\/vigocomfort.com\/fr\/#\/schema\/logo\/image\/","url":"https:\/\/vigocomfort.com\/wp-content\/uploads\/2022\/12\/VIGOCOMFORT-LOGO_2_PNG@2x.png","contentUrl":"https:\/\/vigocomfort.com\/wp-content\/uploads\/2022\/12\/VIGOCOMFORT-LOGO_2_PNG@2x.png","width":430,"height":103,"caption":"Vigocomfort.com"},"image":{"@id":"https:\/\/vigocomfort.com\/fr\/#\/schema\/logo\/image\/"}}]}},"_links":{"self":[{"href":"https:\/\/vigocomfort.com\/fr\/wp-json\/wp\/v2\/product\/2655","targetHints":{"allow":["GET"]}}],"collection":[{"href":"https:\/\/vigocomfort.com\/fr\/wp-json\/wp\/v2\/product"}],"about":[{"href":"https:\/\/vigocomfort.com\/fr\/wp-json\/wp\/v2\/types\/product"}],"replies":[{"embeddable":true,"href":"https:\/\/vigocomfort.com\/fr\/wp-json\/wp\/v2\/comments?post=2655"}],"wp:featuredmedia":[{"embeddable":true,"href":"https:\/\/vigocomfort.com\/fr\/wp-json\/wp\/v2\/media\/1846"}],"wp:attachment":[{"href":"https:\/\/vigocomfort.com\/fr\/wp-json\/wp\/v2\/media?parent=2655"}],"wp:term":[{"taxonomy":"product_brand","embeddable":true,"href":"https:\/\/vigocomfort.com\/fr\/wp-json\/wp\/v2\/product_brand?post=2655"},{"taxonomy":"product_cat","embeddable":true,"href":"https:\/\/vigocomfort.com\/fr\/wp-json\/wp\/v2\/product_cat?post=2655"},{"taxonomy":"product_tag","embeddable":true,"href":"https:\/\/vigocomfort.com\/fr\/wp-json\/wp\/v2\/product_tag?post=2655"}],"curies":[{"name":"wp","href":"https:\/\/api.w.org\/{rel}","templated":true}]}}